{"id":2351,"date":"2024-09-17T15:21:57","date_gmt":"2024-09-17T13:21:57","guid":{"rendered":"https:\/\/gamink.fr\/boutique\/?page_id=2351"},"modified":"2025-02-18T11:21:57","modified_gmt":"2025-02-18T10:21:57","slug":"mentions-legales","status":"publish","type":"page","link":"https:\/\/gamink.fr\/boutique\/mentions-legales\/","title":{"rendered":"Mentions l\u00e9gales"},"content":{"rendered":"\n<p style=\"font-size:24px\">En vigueur au <strong>17\/09\/2024<\/strong><\/p>\n\n\n\n<p>Conform\u00e9ment aux dispositions de la loi n\u00b0 2004-575 du 21 juin 2004 pour la Confiance en l\u2019\u00e9conomie<br>num\u00e9rique, il est port\u00e9 \u00e0 la connaissance des utilisateurs et visiteurs, ci-apr\u00e8s l\u2019 \u00ab&nbsp;Utilisateur&nbsp;\u00bb, du site<br><a href=\"https:\/\/gamink.fr\/boutique\/\" target=\"_blank\" rel=\"noreferrer noopener\">https:\/\/gamink.fr\/boutique\/<\/a> les pr\u00e9sentes mentions l\u00e9gales.<br>La connexion et la navigation sur le Site par l\u2019Utilisateur implique acceptation int\u00e9grale et sans<br>r\u00e9serve des pr\u00e9sentes mentions l\u00e9gales.<br>Ces derni\u00e8res sont accessibles sur le Site \u00e0 la rubrique \u00ab&nbsp;Mentions l\u00e9gales&nbsp;\u00bb.<\/p>\n\n\n\n<h2 class=\"wp-block-heading\"><strong>\u00c9DITION DU SITE<\/strong><\/h2>\n\n\n\n<p>L\u2019\u00e9dition du Site est assur\u00e9e par la soci\u00e9t\u00e9 <a href=\"https:\/\/gamink.fr\/boutique\/\" target=\"_blank\" rel=\"noreferrer noopener\">GAMINK CR\u00c9ATION<\/a>,<br>Entrepreneur individuel<br>Immatricul\u00e9e au Registre du Commerce et des Soci\u00e9t\u00e9s sous le num\u00e9ro 93276580300014<br>dont le si\u00e8ge social est situ\u00e9 a : 68 route principale \u2013 60310 Fresni\u00e9res<br>Num\u00e9ro de t\u00e9l\u00e9phone : <a href=\"tel:+33659581073\">0659581073<\/a><br>Adresse e-mail : <a href=\"mailto:jerome.gambier@gamink.fr\" target=\"_blank\" rel=\"noreferrer noopener\">jerome.gambier@gamink.fr<\/a><br>Directeur de la publication : Gambier J\u00e9r\u00f4me<\/p>\n\n\n\n<h2 class=\"wp-block-heading\"><strong>H\u00c9BERGEUR<\/strong><\/h2>\n\n\n\n<p>L\u2019h\u00e9bergeur du Site est la soci\u00e9t\u00e9 <a href=\"https:\/\/www.hostinger.fr\/\" target=\"_blank\" rel=\"noreferrer noopener\">Hostinger<\/a><br>dont le si\u00e8ge social est situ\u00e9 :<br>\u0160vitrigailos str. 34 \u2013 Vilnius \u2013 Lithuania<br>Le num\u00e9ro de t\u00e9l\u00e9phone de l\u2019h\u00e9bergeur est le <a href=\"tel:+37064503378\" data-type=\"tel\" data-id=\"tel:+37064503378\">+37064503378<\/a><\/p>\n\n\n\n<h2 class=\"wp-block-heading\"><strong><strong>ACC\u00c8S AU SITE<\/strong><\/strong><\/h2>\n\n\n\n<p>Le Site est normalement accessible, \u00e0 tout moment, \u00e0 l\u2019utilisateur. Toutefois, l\u2019\u00e9diteur pourra, \u00e0 tout<br>moment, suspendre, limiter ou interrompre le Site afin de proc\u00e9der, notamment, \u00e0 des mises \u00e0 jour ou<br>des modifications de son contenu. L\u2019\u00e9diteur ne pourra en aucun cas \u00eatre tenu responsable des<br>cons\u00e9quences \u00e9ventuelles de cette indisponibilit\u00e9 sur les activit\u00e9s de l\u2019utilisateur.<\/p>\n\n\n\n<h2 class=\"wp-block-heading\"><strong><strong><strong>COLLECTE DES DONN\u00c9ES<\/strong><\/strong><\/strong><\/h2>\n\n\n\n<p>Pour des besoins de statistiques et d\u2019affichage, le pr\u00e9sent site utilise des cookies. Il s\u2019agit de petits fichiers textes stock\u00e9s sur votre disque dur afin d\u2019enregistrer des donn\u00e9es techniques sur votre navigation. Certaines parties de ce site ne peuvent \u00eatre fonctionnelles sans l\u2019acceptation de cookies.<\/p>\n\n\n\n<p>D\u00e9claration CNIL Le traitement des informations nominatives relatives aux visiteurs a fait l\u2019objet d\u2019une d\u00e9claration aupr\u00e8s de la Commission Nationale de l\u2019Informatique et des Libert\u00e9s (CNIL) sous le num\u00e9ro 1241196.<\/p>\n\n\n\n<p><br>Le Site assure \u00e0 l\u2019Utilisateur une collecte et un traitement des donn\u00e9es personnelles dans le respect<br>de la vie priv\u00e9e conform\u00e9ment \u00e0 la loi n\u00b078-17 du 6 janvier 1978 relative \u00e0 l\u2019informatique, aux fichiers<br>aux libert\u00e9s et dans le respect de la r\u00e8glementation applicable en mati\u00e8re de traitement des donn\u00e9es<br>\u00e0 caract\u00e8re personnel conform\u00e9ment au r\u00e8glement (UE) 2016\/679 du Parlement europ\u00e9en et du<br>Conseil du 27 avril 2016 (ci-apr\u00e8s, ensemble, la \u00ab&nbsp;R\u00e8glementation applicable en mati\u00e8re de<br>protection des Donn\u00e9es \u00e0 caract\u00e8re personnel&nbsp;\u00bb).<br>En vertu de la R\u00e8glementation applicable en mati\u00e8re de protection des Donn\u00e9es \u00e0 caract\u00e8re<br>personnel, l\u2019Utilisateur dispose d\u2019un droit d\u2019acc\u00e8s, de rectification, de suppression et d\u2019opposition de<br>ses donn\u00e9es personnelles. L\u2019Utilisateur peut exercer ce droit :<br><br>\u2013 par mail \u00e0 l\u2019adresse email <a href=\"mailto:jerome.gambier@gamink.fr\" target=\"_blank\" rel=\"noreferrer noopener\">jerome.gambier@gamink.fr<\/a><br>\u2013 depuis le <a href=\"https:\/\/gamink.fr\/boutique\/contact\/\">formulaire de contact<\/a><\/p>\n\n\n\n<h2 class=\"wp-block-heading\"><strong><strong><strong>Propri\u00e9t\u00e9 intellectuelle et droit \u00e0 l\u2019image<\/strong><\/strong><\/strong><\/h2>\n\n\n\n<p>Le fait d\u2019acc\u00e9der et de naviguer sur le Site constitue de la part du visiteur une acceptation sans r\u00e9serve des stipulations suivantes :<\/p>\n\n\n\n<p>Le Site est la propri\u00e9t\u00e9 exclusive de la soci\u00e9t\u00e9 <a href=\"https:\/\/gamink.fr\/boutique\/\" target=\"_blank\" rel=\"noreferrer noopener\">GAMINK CR\u00c9ATION<\/a>, seule habilit\u00e9e \u00e0 utiliser et exploiter les droits de propri\u00e9t\u00e9 intellectuelle et droits de la personnalit\u00e9 attach\u00e9s \u00e0 ce site, notamment les marques, dessins et mod\u00e8les droits d\u2019auteur et droit \u00e0 l\u2019image, \u00e0 titre originaire ou par l\u2019effet d\u2019une autorisation expresse, brevet et tout droit de propri\u00e9t\u00e9 intellectuelle.<\/p>\n\n\n\n<p>L\u2019usage de tout ou partie du Site, notamment par t\u00e9l\u00e9chargement, reproduction, transmission ou repr\u00e9sentation \u00e0 d\u2019autres fins que pour usage personnel et priv\u00e9 dans un but non commercial, est strictement interdit.<\/p>\n\n\n\n<p>Toute utilisation, reproduction, diffusion, commercialisation, modification de toutes ou partie du Site,<br>sans autorisation expresse de l\u2019\u00e9diteur est prohib\u00e9e et pourra entra\u00eener des actions et poursuites<br>judiciaires telles que pr\u00e9vues par la r\u00e8glementation en vigueur<\/p>\n","protected":false},"excerpt":{"rendered":"<p>En vigueur au 17\/09\/2024 Conform\u00e9ment aux dispositions de la loi n\u00b0 2004-575 du 21 juin 2004 pour la Confiance en l\u2019\u00e9conomienum\u00e9rique, il est port\u00e9 \u00e0 la connaissance des utilisateurs et visiteurs, ci-apr\u00e8s l\u2019 \u00ab&nbsp;Utilisateur&nbsp;\u00bb, du sitehttps:\/\/gamink.fr\/boutique\/ les pr\u00e9sentes mentions l\u00e9gales.La connexion et la navigation sur le Site par l\u2019Utilisateur implique acceptation int\u00e9grale et sansr\u00e9serve des [&hellip;]<\/p>\n","protected":false},"author":1,"featured_media":0,"parent":0,"menu_order":0,"comment_status":"closed","ping_status":"closed","template":"","meta":{"_surecart_dashboard_logo_width":"180px","_surecart_dashboard_show_logo":true,"_surecart_dashboard_navigation_orders":true,"_surecart_dashboard_navigation_invoices":true,"_surecart_dashboard_navigation_subscriptions":true,"_surecart_dashboard_navigation_downloads":true,"_surecart_dashboard_navigation_billing":true,"_surecart_dashboard_navigation_account":true,"inline_featured_image":false,"ocean_post_layout":"","ocean_both_sidebars_style":"","ocean_both_sidebars_content_width":0,"ocean_both_sidebars_sidebars_width":0,"ocean_sidebar":"","ocean_second_sidebar":"","ocean_disable_margins":"enable","ocean_add_body_class":"","ocean_shortcode_before_top_bar":"","ocean_shortcode_after_top_bar":"","ocean_shortcode_before_header":"","ocean_shortcode_after_header":"","ocean_has_shortcode":"","ocean_shortcode_after_title":"","ocean_shortcode_before_footer_widgets":"","ocean_shortcode_after_footer_widgets":"","ocean_shortcode_before_footer_bottom":"","ocean_shortcode_after_footer_bottom":"","ocean_display_top_bar":"default","ocean_display_header":"default","ocean_header_style":"","ocean_center_header_left_menu":"","ocean_custom_header_template":"","ocean_custom_logo":0,"ocean_custom_retina_logo":0,"ocean_custom_logo_max_width":0,"ocean_custom_logo_tablet_max_width":0,"ocean_custom_logo_mobile_max_width":0,"ocean_custom_logo_max_height":0,"ocean_custom_logo_tablet_max_height":0,"ocean_custom_logo_mobile_max_height":0,"ocean_header_custom_menu":"","ocean_menu_typo_font_family":"","ocean_menu_typo_font_subset":"","ocean_menu_typo_font_size":0,"ocean_menu_typo_font_size_tablet":0,"ocean_menu_typo_font_size_mobile":0,"ocean_menu_typo_font_size_unit":"px","ocean_menu_typo_font_weight":"","ocean_menu_typo_font_weight_tablet":"","ocean_menu_typo_font_weight_mobile":"","ocean_menu_typo_transform":"","ocean_menu_typo_transform_tablet":"","ocean_menu_typo_transform_mobile":"","ocean_menu_typo_line_height":0,"ocean_menu_typo_line_height_tablet":0,"ocean_menu_typo_line_height_mobile":0,"ocean_menu_typo_line_height_unit":"","ocean_menu_typo_spacing":0,"ocean_menu_typo_spacing_tablet":0,"ocean_menu_typo_spacing_mobile":0,"ocean_menu_typo_spacing_unit":"","ocean_menu_link_color":"","ocean_menu_link_color_hover":"","ocean_menu_link_color_active":"","ocean_menu_link_background":"","ocean_menu_link_hover_background":"","ocean_menu_link_active_background":"","ocean_menu_social_links_bg":"","ocean_menu_social_hover_links_bg":"","ocean_menu_social_links_color":"","ocean_menu_social_hover_links_color":"","ocean_disable_title":"default","ocean_disable_heading":"default","ocean_post_title":"","ocean_post_subheading":"","ocean_post_title_style":"","ocean_post_title_background_color":"","ocean_post_title_background":0,"ocean_post_title_bg_image_position":"","ocean_post_title_bg_image_attachment":"","ocean_post_title_bg_image_repeat":"","ocean_post_title_bg_image_size":"","ocean_post_title_height":0,"ocean_post_title_bg_overlay":0.5,"ocean_post_title_bg_overlay_color":"","ocean_disable_breadcrumbs":"default","ocean_breadcrumbs_color":"","ocean_breadcrumbs_separator_color":"","ocean_breadcrumbs_links_color":"","ocean_breadcrumbs_links_hover_color":"","ocean_display_footer_widgets":"default","ocean_display_footer_bottom":"default","ocean_custom_footer_template":"","footnotes":""},"class_list":["post-2351","page","type-page","status-publish","hentry","entry"],"_links":{"self":[{"href":"https:\/\/gamink.fr\/boutique\/wp-json\/wp\/v2\/pages\/2351","targetHints":{"allow":["GET"]}}],"collection":[{"href":"https:\/\/gamink.fr\/boutique\/wp-json\/wp\/v2\/pages"}],"about":[{"href":"https:\/\/gamink.fr\/boutique\/wp-json\/wp\/v2\/types\/page"}],"author":[{"embeddable":true,"href":"https:\/\/gamink.fr\/boutique\/wp-json\/wp\/v2\/users\/1"}],"replies":[{"embeddable":true,"href":"https:\/\/gamink.fr\/boutique\/wp-json\/wp\/v2\/comments?post=2351"}],"version-history":[{"count":13,"href":"https:\/\/gamink.fr\/boutique\/wp-json\/wp\/v2\/pages\/2351\/revisions"}],"predecessor-version":[{"id":4447,"href":"https:\/\/gamink.fr\/boutique\/wp-json\/wp\/v2\/pages\/2351\/revisions\/4447"}],"wp:attachment":[{"href":"https:\/\/gamink.fr\/boutique\/wp-json\/wp\/v2\/media?parent=2351"}],"curies":[{"name":"wp","href":"https:\/\/api.w.org\/{rel}","templated":true}]}}