{"id":3441,"date":"2024-11-25T20:09:32","date_gmt":"2024-11-25T19:09:32","guid":{"rendered":"https:\/\/gamink.fr\/boutique\/checkout\/"},"modified":"2024-11-26T18:06:19","modified_gmt":"2024-11-26T17:06:19","slug":"panier","status":"publish","type":"page","link":"https:\/\/gamink.fr\/boutique\/panier\/","title":{"rendered":"Panier"},"content":{"rendered":"<div class=\"wp-block-surecart-checkout-form\"><sc-checkout\n\tclass=\"checkout\"\n\tid=\"sc-checkout-3440\"\n\tclass=\"\"\n\tstyle=\"text-align: left;--sc-form-row-spacing: 25px;\"\n\tmodified=\"2025-06-20 09:51:48\"\n\talignment=\"\"\n\tsuccess-url=\"\"\n>\n\t<sc-form>\n\t\t\t\t\t<sc-checkbox name=\"get_feedback\" value=\"Feedback\" style=\"display: none !important;\"><\/sc-checkbox>\n\t\t\t\t\n\n<div class=\"wp-block-surecart-columns is-full-height is-reversed-on-mobile has-background is-layout-flex wp-container-surecart-columns-is-layout-6516cd2e wp-block-surecart-columns-is-layout-flex\" style=\"background-color:#f3f4f6\">\n<div class=\"wp-block-surecart-column is-layout-constrained is-horizontally-aligned-right has-white-background-color has-background\" style=\"padding-top:60px;padding-right:60px;padding-bottom:60px;padding-left:60px;--sc-column-content-width:450px;--sc-form-row-spacing:30px\">\n\t\t<div>\n\n\t\t\t\t\t<a href=\"https:\/\/gamink.fr\/boutique\" style=\" rel=\"home\">\n\t\t\n\t\t\t<img\n\t\t\t\tsrc=\"https:\/\/media.surecart.com\/yxgodg5tp8t6t38108p2eoa421lk\"\n\t\t\t\tstyle=\"object-fit: contain; object-position: left;width: 120px; max-width: 180px; max-height: 100px; \"\n\t\t\t\talt=\"\"\n\t\t\t\/>\n\n\t\t\t\t\t<\/a>\n\t\t\n\t\t<\/div>\n\n\t\t\n\n\n<sc-checkout-form-errors><\/sc-checkout-form-errors>\n\n\n\n\t\t<sc-customer-email\n\t\t\tclass=\"\"\n\t\t\tlabel=\"Email\"\n\t\t\tplaceholder=\"Votre adresse@email.com\"\t\t\t\t\t\t\t\t\ttracking-confirmation-message=\"Votre adresse \u00e9lectronique et votre panier sont enregistr\u00e9s afin que nous puissions vous envoyer des rappels par courrier \u00e9lectronique concernant cette commande.\"\t\t\trequired\n\t\t\tautocomplete='email'\n\t\t\tinputmode='email'\n\t\t>\n\t\t<\/sc-customer-email>\n\n\t\t\n\n\n<sc-customer-name label=\"Nom\" placeholder=\"Votre nom complet\" required class=\"wp-block-surecart-name\"><\/sc-customer-name>\n\n\n\n<sc-customer-phone label=\"T\u00e9l\u00e9phone\" required class=\"wp-block-surecart-phone\"><\/sc-customer-phone>\n\n\n\t\t<sc-order-shipping-address\n\t\t\tlabel=\"Adresse de livraison\"\n\t\t\tfull\t\t\t\t\t\t\t\t\trequired=\"true\"\n\t\t\tdefault-country=\"FR\"\n\t\t><\/sc-order-shipping-address>\n\t\t\t\t\t<sc-order-billing-address\n\t\t\tlabel=\"Adresse de facturation\"\n\t\t\ttoggle-label=\"L&#039;adresse de facturation est la m\u00eame que l&#039;adresse de livraison.\"\n\t\t\t\t\t\t\t\t\tdefault-country=\"FR\"\n\t\t><\/sc-order-billing-address>\n\t\t\t\n\n\t\t<sc-order-coupon-form\n\t\t\tlabel=\"Ajouter un code promotionnel\"\n\t\t\tplaceholder=\"Entrer votre code\"\n\t\t\tbutton-text=\"Apply\"\n\t\t\t>\n\t\t<\/sc-order-coupon-form>\n\t\t\n\n\n\t\t<sc-payment\n\t\t\tid=\"sc-payment-0\"\n\t\t\tclass=\"\"\n\t\t>\n\t\t\t\t\t\t\t<sc-stripe-payment-element slot=\"stripe\"><\/sc-stripe-payment-element>\n\t\t\t\t\t<\/sc-payment>\n\t\t\n\n\n<sc-order-submit type=\"primary\" full=\"true\" size=\"large\" icon=\"lock\" show-total=\"true\" secure-notice=\"true\" secure-notice-text=\"Il s'agit d'un paiement s\u00e9curis\u00e9 et crypt\u00e9.\" class=\"wp-block-surecart-submit\">Valider l&rsquo;achat<\/sc-order-submit>\n<\/div>\n\n\n\n<div class=\"wp-block-surecart-column is-sticky is-layout-constrained is-horizontally-aligned-left\" style=\"padding-top:60px;padding-right:60px;padding-bottom:60px;padding-left:60px;--sc-column-content-width:450px;--sc-form-row-spacing:30px\">\n<details class=\"wp-block-details is-layout-flow wp-block-details-is-layout-flow\" open><summary><\/summary>\n<sc-order-summary collapsible=\"1\" collapsed-on-mobile=\"1\" class=\"wp-block-surecart-totals\"><\/sc-order-summary>\n<\/details>\n<\/div>\n<\/div>\n\n\t<\/sc-form>\n<\/sc-checkout>\n<\/div>","protected":false},"excerpt":{"rendered":"","protected":false},"author":1,"featured_media":0,"parent":0,"menu_order":0,"comment_status":"closed","ping_status":"closed","template":"pages\/template-surecart-blank.php","meta":{"_surecart_dashboard_logo_width":"180px","_surecart_dashboard_show_logo":true,"_surecart_dashboard_navigation_orders":true,"_surecart_dashboard_navigation_invoices":true,"_surecart_dashboard_navigation_subscriptions":true,"_surecart_dashboard_navigation_downloads":true,"_surecart_dashboard_navigation_billing":true,"_surecart_dashboard_navigation_account":true,"inline_featured_image":false,"ocean_post_layout":"","ocean_both_sidebars_style":"","ocean_both_sidebars_content_width":0,"ocean_both_sidebars_sidebars_width":0,"ocean_sidebar":"","ocean_second_sidebar":"","ocean_disable_margins":"enable","ocean_add_body_class":"","ocean_shortcode_before_top_bar":"","ocean_shortcode_after_top_bar":"","ocean_shortcode_before_header":"","ocean_shortcode_after_header":"","ocean_has_shortcode":"","ocean_shortcode_after_title":"","ocean_shortcode_before_footer_widgets":"","ocean_shortcode_after_footer_widgets":"","ocean_shortcode_before_footer_bottom":"","ocean_shortcode_after_footer_bottom":"","ocean_display_top_bar":"default","ocean_display_header":"default","ocean_header_style":"","ocean_center_header_left_menu":"","ocean_custom_header_template":"","ocean_custom_logo":0,"ocean_custom_retina_logo":0,"ocean_custom_logo_max_width":0,"ocean_custom_logo_tablet_max_width":0,"ocean_custom_logo_mobile_max_width":0,"ocean_custom_logo_max_height":0,"ocean_custom_logo_tablet_max_height":0,"ocean_custom_logo_mobile_max_height":0,"ocean_header_custom_menu":"","ocean_menu_typo_font_family":"","ocean_menu_typo_font_subset":"","ocean_menu_typo_font_size":0,"ocean_menu_typo_font_size_tablet":0,"ocean_menu_typo_font_size_mobile":0,"ocean_menu_typo_font_size_unit":"px","ocean_menu_typo_font_weight":"","ocean_menu_typo_font_weight_tablet":"","ocean_menu_typo_font_weight_mobile":"","ocean_menu_typo_transform":"","ocean_menu_typo_transform_tablet":"","ocean_menu_typo_transform_mobile":"","ocean_menu_typo_line_height":0,"ocean_menu_typo_line_height_tablet":0,"ocean_menu_typo_line_height_mobile":0,"ocean_menu_typo_line_height_unit":"","ocean_menu_typo_spacing":0,"ocean_menu_typo_spacing_tablet":0,"ocean_menu_typo_spacing_mobile":0,"ocean_menu_typo_spacing_unit":"","ocean_menu_link_color":"","ocean_menu_link_color_hover":"","ocean_menu_link_color_active":"","ocean_menu_link_background":"","ocean_menu_link_hover_background":"","ocean_menu_link_active_background":"","ocean_menu_social_links_bg":"","ocean_menu_social_hover_links_bg":"","ocean_menu_social_links_color":"","ocean_menu_social_hover_links_color":"","ocean_disable_title":"default","ocean_disable_heading":"default","ocean_post_title":"","ocean_post_subheading":"","ocean_post_title_style":"","ocean_post_title_background_color":"","ocean_post_title_background":0,"ocean_post_title_bg_image_position":"","ocean_post_title_bg_image_attachment":"","ocean_post_title_bg_image_repeat":"","ocean_post_title_bg_image_size":"","ocean_post_title_height":0,"ocean_post_title_bg_overlay":0.5,"ocean_post_title_bg_overlay_color":"","ocean_disable_breadcrumbs":"default","ocean_breadcrumbs_color":"","ocean_breadcrumbs_separator_color":"","ocean_breadcrumbs_links_color":"","ocean_breadcrumbs_links_hover_color":"","ocean_display_footer_widgets":"default","ocean_display_footer_bottom":"default","ocean_custom_footer_template":"","footnotes":""},"class_list":["post-3441","page","type-page","status-publish","hentry","entry"],"_links":{"self":[{"href":"https:\/\/gamink.fr\/boutique\/wp-json\/wp\/v2\/pages\/3441","targetHints":{"allow":["GET"]}}],"collection":[{"href":"https:\/\/gamink.fr\/boutique\/wp-json\/wp\/v2\/pages"}],"about":[{"href":"https:\/\/gamink.fr\/boutique\/wp-json\/wp\/v2\/types\/page"}],"author":[{"embeddable":true,"href":"https:\/\/gamink.fr\/boutique\/wp-json\/wp\/v2\/users\/1"}],"replies":[{"embeddable":true,"href":"https:\/\/gamink.fr\/boutique\/wp-json\/wp\/v2\/comments?post=3441"}],"version-history":[{"count":3,"href":"https:\/\/gamink.fr\/boutique\/wp-json\/wp\/v2\/pages\/3441\/revisions"}],"predecessor-version":[{"id":3554,"href":"https:\/\/gamink.fr\/boutique\/wp-json\/wp\/v2\/pages\/3441\/revisions\/3554"}],"wp:attachment":[{"href":"https:\/\/gamink.fr\/boutique\/wp-json\/wp\/v2\/media?parent=3441"}],"curies":[{"name":"wp","href":"https:\/\/api.w.org\/{rel}","templated":true}]}}