{"id":4374,"date":"2025-02-18T09:48:27","date_gmt":"2025-02-18T08:48:27","guid":{"rendered":"https:\/\/gamink.fr\/boutique\/?page_id=4374"},"modified":"2025-02-18T11:14:02","modified_gmt":"2025-02-18T10:14:02","slug":"paiement-100-securise","status":"publish","type":"page","link":"https:\/\/gamink.fr\/boutique\/paiement-100-securise\/","title":{"rendered":"Paiement 100% s\u00e9curis\u00e9"},"content":{"rendered":"\n<div class=\"wp-block-columns is-layout-flex wp-container-core-columns-is-layout-28f84493 wp-block-columns-is-layout-flex\">\n<div class=\"wp-block-column is-layout-flow wp-block-column-is-layout-flow\">\n<h1 class=\"wp-block-heading\" style=\"font-size:52px\">Paiement 100% s\u00e9curis\u00e9<\/h1>\n\n\n\n<p>Chez <a href=\"https:\/\/gamink.fr\/boutique\" data-type=\"link\" data-id=\"https:\/\/gamink.fr\/boutique\">Gamink<\/a>, votre s\u00e9curit\u00e9 est notre priorit\u00e9. Nous utilisons <strong><a href=\"https:\/\/stripe.com\/fr\" data-type=\"link\" data-id=\"https:\/\/stripe.com\/fr\">Stripe<\/a><\/strong>, une plateforme de paiement <strong>certifi\u00e9e PCI DSS niveau 1<\/strong>, pour garantir la protection de vos donn\u00e9es bancaires.<\/p>\n\n\n\n<h2 class=\"wp-block-heading\">Moyens de paiement accept\u00e9s<\/h2>\n\n\n\n<p>Nous acceptons les paiements par :<\/p>\n\n\n\n<section id=\"section-b2fef99f-16a0-43cd-b320-576df4218b22\" class=\"wp-block-gutentor-image-box gutentor-section gutentor-image-wrapper imagebox-template1 has-color-bg has-custom-bg\"><div class=\"grid-container\"><div class=\"grid-row gutentor-grid-item-wrap\"><div class=\"gutentor-grid-column grid-lg-2m3 grid-md-2m3 grid-6\"><div class=\"gutentor-single-item gutentor-image gutentor-single-item-0\"><div class=\"gutentor-single-item-wrap\"><div class=\"gutentor-single-item-image-box\"><div class=\"gutentor-image-thumb\"><img loading=\"lazy\" decoding=\"async\" class=\"normal-image\" src=\"https:\/\/gamink.fr\/boutique\/wp-content\/uploads\/2025\/02\/visa-1.png\" alt=\"\" height=\"64\" width=\"64\"\/><\/div><\/div><div class=\"gutentor-single-item-content\"><h3 class=\"gutentor-single-item-title\"><strong>Carte Bancaire<\/strong><\/h3><\/div><\/div><\/div><\/div><div class=\"gutentor-grid-column grid-lg-2m3 grid-md-2m3 grid-6\"><div class=\"gutentor-single-item gutentor-image gutentor-single-item-1\"><div class=\"gutentor-single-item-wrap\"><div class=\"gutentor-single-item-image-box\"><div class=\"gutentor-image-thumb\"><img loading=\"lazy\" decoding=\"async\" class=\"normal-image\" src=\"https:\/\/gamink.fr\/boutique\/wp-content\/uploads\/2025\/02\/paypal2.png\" alt=\"\" height=\"64\" width=\"64\"\/><\/div><\/div><div class=\"gutentor-single-item-content\"><h3 class=\"gutentor-single-item-title\"><strong>PayPal<\/strong><\/h3><\/div><\/div><\/div><\/div><div class=\"gutentor-grid-column grid-lg-2m3 grid-md-2m3 grid-6\"><div class=\"gutentor-single-item gutentor-image gutentor-single-item-2\"><div class=\"gutentor-single-item-wrap\"><div class=\"gutentor-single-item-image-box\"><div class=\"gutentor-image-thumb\"><img loading=\"lazy\" decoding=\"async\" class=\"normal-image\" src=\"https:\/\/gamink.fr\/boutique\/wp-content\/uploads\/2025\/02\/card.png\" alt=\"\" height=\"64\" width=\"64\"\/><\/div><\/div><div class=\"gutentor-single-item-content\"><h3 class=\"gutentor-single-item-title\"><strong>Mastercard<\/strong><\/h3><\/div><\/div><\/div><\/div><div class=\"gutentor-grid-column grid-lg-2m3 grid-md-2m3 grid-6\"><div class=\"gutentor-single-item gutentor-image gutentor-single-item-3\"><div class=\"gutentor-single-item-wrap\"><div class=\"gutentor-single-item-image-box\"><div class=\"gutentor-image-thumb\"><img loading=\"lazy\" decoding=\"async\" class=\"normal-image\" src=\"https:\/\/gamink.fr\/boutique\/wp-content\/uploads\/2025\/02\/american-express2.png\" alt=\"\" height=\"64\" width=\"64\"\/><\/div><\/div><div class=\"gutentor-single-item-content\"><h3 class=\"gutentor-single-item-title\">American express<\/h3><\/div><\/div><\/div><\/div><\/div><\/div><\/section>\n\n\n\n<h2 class=\"wp-block-heading\">S\u00e9curit\u00e9 renforc\u00e9e<\/h2>\n\n\n\n<p>Notre site utilise un certificat SSL pour crypter toutes les donn\u00e9es \u00e9chang\u00e9es, assurant ainsi l&rsquo;int\u00e9grit\u00e9 et la confidentialit\u00e9 de vos informations personnelle.<\/p>\n\n\n\n<h2 class=\"wp-block-heading\">Transparence et confidentialit\u00e9<\/h2>\n\n\n\n<p>Vos coordonn\u00e9es bancaires ne transitent jamais par nos serveurs. Elles sont directement transmises \u00e0 Stripe de mani\u00e8re s\u00e9curis\u00e9e.<\/p>\n\n\n\n<h2 class=\"wp-block-heading\">Conformit\u00e9 l\u00e9gale<\/h2>\n\n\n\n<p>Nous respectons la <strong>r\u00e9glementation europ\u00e9enne DSP2<\/strong> sur l&rsquo;authentification forte du client, offrant une couche de s\u00e9curit\u00e9 suppl\u00e9mentaire \u00e0 vos transactions.<br>Faites vos achats en toute s\u00e9r\u00e9nit\u00e9 sur <strong><a href=\"https:\/\/gamink.fr\/boutique\" data-type=\"link\" data-id=\"https:\/\/gamink.fr\/boutique\">Gamink.fr<\/a><\/strong>. Notre engagement envers la s\u00e9curit\u00e9 vous permet de profiter pleinement de votre exp\u00e9rience d&rsquo;achat en ligne.<\/p>\n\n\n\n<h2 class=\"wp-block-heading\">Nous contacter<\/h2>\n\n\n\n<ul class=\"wp-block-list\">\n<li><strong>Adresse e-mail :<\/strong> <strong><a href=\"mailto:jerome.gambier@gamink.fr\" target=\"_blank\" rel=\"noreferrer noopener\">jerome.gambier@gamink.fr<\/a><\/strong><\/li>\n\n\n\n<li><strong>Num\u00e9ro de t\u00e9l\u00e9phone :<\/strong> <a href=\"tel:33659581073\" target=\"_blank\" rel=\"noreferrer noopener\"><strong>06 59 58 10 73<\/strong><\/a><\/li>\n\n\n\n<li><strong>Adresse postale : <a href=\"https:\/\/maps.app.goo.gl\/zdENNXaQUahn2xae8\" data-type=\"link\" data-id=\"https:\/\/maps.app.goo.gl\/zdENNXaQUahn2xae8\" target=\"_blank\" rel=\"noreferrer noopener\">68 rue principale | 60310 Fresni\u00e8res, France<\/a><\/strong><\/li>\n<\/ul>\n\n\n\n<p><strong>Disponibilit\u00e9s :<\/strong> Notre service client est disponible du lundi au vendredi<br>de <strong>9h \u00e0 12h30 &#8211; 13h30 \u00e0 17h00<\/strong>.<\/p>\n\n\n\n<hr class=\"wp-block-separator has-alpha-channel-opacity\"\/>\n<\/div>\n<\/div>\n\n\n\n<div style=\"height:50px\" aria-hidden=\"true\" class=\"wp-block-spacer\"><\/div>\n\n\n\n<div class=\"wp-block-columns is-layout-flex wp-container-core-columns-is-layout-28f84493 wp-block-columns-is-layout-flex\">\n<div class=\"wp-block-column is-layout-flow wp-block-column-is-layout-flow\" style=\"padding-right:700px\">\n<div class=\"wpcf7 no-js\" id=\"wpcf7-f3837-o1\" lang=\"fr-FR\" dir=\"ltr\" data-wpcf7-id=\"3837\">\n<div class=\"screen-reader-response\"><p role=\"status\" aria-live=\"polite\" aria-atomic=\"true\"><\/p> <ul><\/ul><\/div>\n<form action=\"\/boutique\/wp-json\/wp\/v2\/pages\/4374#wpcf7-f3837-o1\" method=\"post\" class=\"wpcf7-form init\" aria-label=\"Formulaire de contact\" novalidate=\"novalidate\" data-status=\"init\">\n<fieldset class=\"hidden-fields-container\"><input type=\"hidden\" name=\"_wpcf7\" value=\"3837\" \/><input type=\"hidden\" name=\"_wpcf7_version\" value=\"6.1.1\" \/><input type=\"hidden\" name=\"_wpcf7_locale\" value=\"fr_FR\" \/><input type=\"hidden\" name=\"_wpcf7_unit_tag\" value=\"wpcf7-f3837-o1\" \/><input type=\"hidden\" name=\"_wpcf7_container_post\" value=\"0\" \/><input type=\"hidden\" name=\"_wpcf7_posted_data_hash\" value=\"\" \/>\n<\/fieldset>\n<p><label> Votre nom <span class=\"wpcf7-form-control-wrap\" data-name=\"your-name\"><input size=\"40\" maxlength=\"400\" class=\"wpcf7-form-control wpcf7-text wpcf7-validates-as-required\" autocomplete=\"name\" aria-required=\"true\" aria-invalid=\"false\" value=\"\" type=\"text\" name=\"your-name\" \/><\/span> <\/label><label> Votre e-mail <span class=\"wpcf7-form-control-wrap\" data-name=\"your-email\"><input size=\"40\" maxlength=\"400\" class=\"wpcf7-form-control wpcf7-email wpcf7-validates-as-required wpcf7-text wpcf7-validates-as-email\" autocomplete=\"email\" aria-required=\"true\" aria-invalid=\"false\" value=\"\" type=\"email\" name=\"your-email\" \/><\/span> <\/label><label> Objet <span class=\"wpcf7-form-control-wrap\" data-name=\"your-subject\"><input size=\"40\" maxlength=\"400\" class=\"wpcf7-form-control wpcf7-text wpcf7-validates-as-required\" aria-required=\"true\" aria-invalid=\"false\" value=\"\" type=\"text\" name=\"your-subject\" \/><\/span> <\/label><label> Votre message <span class=\"wpcf7-form-control-wrap\" data-name=\"your-message\"><textarea cols=\"40\" rows=\"10\" maxlength=\"2000\" class=\"wpcf7-form-control wpcf7-textarea\" aria-invalid=\"false\" name=\"your-message\"><\/textarea><\/span> <\/label><span class=\"wpcf7-form-control-wrap\" data-name=\"checkbox-702\"><span class=\"wpcf7-form-control wpcf7-checkbox wpcf7-validates-as-required\"><span class=\"wpcf7-list-item first last\"><label><input type=\"checkbox\" name=\"checkbox-702[]\" value=\"En cochant cette case, vous acceptez que votre email soit stock\u00e9 pour permettre une r\u00e9ponse.\" \/><span class=\"wpcf7-list-item-label\">En cochant cette case, vous acceptez que votre email soit stock\u00e9 pour permettre une r\u00e9ponse.<\/span><\/label><\/span><\/span><\/span>\n<\/p>\n<p><input class=\"wpcf7-form-control wpcf7-submit has-spinner\" type=\"submit\" value=\"Envoyer\" \/>\n<\/p><div class=\"wpcf7-response-output\" aria-hidden=\"true\"><\/div>\n<\/form>\n<\/div>\n\n<\/div>\n<\/div>\n","protected":false},"excerpt":{"rendered":"<p>Paiement 100% s\u00e9curis\u00e9 Chez Gamink, votre s\u00e9curit\u00e9 est notre priorit\u00e9. Nous utilisons Stripe, une plateforme de paiement certifi\u00e9e PCI DSS niveau 1, pour garantir la protection de vos donn\u00e9es bancaires. Moyens de paiement accept\u00e9s Nous acceptons les paiements par : S\u00e9curit\u00e9 renforc\u00e9e Notre site utilise un certificat SSL pour crypter toutes les donn\u00e9es \u00e9chang\u00e9es, assurant [&hellip;]<\/p>\n","protected":false},"author":1,"featured_media":0,"parent":0,"menu_order":0,"comment_status":"closed","ping_status":"closed","template":"","meta":{"_surecart_dashboard_logo_width":"180px","_surecart_dashboard_show_logo":true,"_surecart_dashboard_navigation_orders":true,"_surecart_dashboard_navigation_invoices":true,"_surecart_dashboard_navigation_subscriptions":true,"_surecart_dashboard_navigation_downloads":true,"_surecart_dashboard_navigation_billing":true,"_surecart_dashboard_navigation_account":true,"inline_featured_image":false,"ocean_post_layout":"","ocean_both_sidebars_style":"","ocean_both_sidebars_content_width":0,"ocean_both_sidebars_sidebars_width":0,"ocean_sidebar":"","ocean_second_sidebar":"","ocean_disable_margins":"enable","ocean_add_body_class":"","ocean_shortcode_before_top_bar":"","ocean_shortcode_after_top_bar":"","ocean_shortcode_before_header":"","ocean_shortcode_after_header":"","ocean_has_shortcode":"","ocean_shortcode_after_title":"","ocean_shortcode_before_footer_widgets":"","ocean_shortcode_after_footer_widgets":"","ocean_shortcode_before_footer_bottom":"","ocean_shortcode_after_footer_bottom":"","ocean_display_top_bar":"default","ocean_display_header":"default","ocean_header_style":"","ocean_center_header_left_menu":"","ocean_custom_header_template":"","ocean_custom_logo":0,"ocean_custom_retina_logo":0,"ocean_custom_logo_max_width":0,"ocean_custom_logo_tablet_max_width":0,"ocean_custom_logo_mobile_max_width":0,"ocean_custom_logo_max_height":0,"ocean_custom_logo_tablet_max_height":0,"ocean_custom_logo_mobile_max_height":0,"ocean_header_custom_menu":"","ocean_menu_typo_font_family":"","ocean_menu_typo_font_subset":"","ocean_menu_typo_font_size":0,"ocean_menu_typo_font_size_tablet":0,"ocean_menu_typo_font_size_mobile":0,"ocean_menu_typo_font_size_unit":"px","ocean_menu_typo_font_weight":"","ocean_menu_typo_font_weight_tablet":"","ocean_menu_typo_font_weight_mobile":"","ocean_menu_typo_transform":"","ocean_menu_typo_transform_tablet":"","ocean_menu_typo_transform_mobile":"","ocean_menu_typo_line_height":0,"ocean_menu_typo_line_height_tablet":0,"ocean_menu_typo_line_height_mobile":0,"ocean_menu_typo_line_height_unit":"","ocean_menu_typo_spacing":0,"ocean_menu_typo_spacing_tablet":0,"ocean_menu_typo_spacing_mobile":0,"ocean_menu_typo_spacing_unit":"","ocean_menu_link_color":"","ocean_menu_link_color_hover":"","ocean_menu_link_color_active":"","ocean_menu_link_background":"","ocean_menu_link_hover_background":"","ocean_menu_link_active_background":"","ocean_menu_social_links_bg":"","ocean_menu_social_hover_links_bg":"","ocean_menu_social_links_color":"","ocean_menu_social_hover_links_color":"","ocean_disable_title":"default","ocean_disable_heading":"default","ocean_post_title":"","ocean_post_subheading":"","ocean_post_title_style":"","ocean_post_title_background_color":"","ocean_post_title_background":0,"ocean_post_title_bg_image_position":"","ocean_post_title_bg_image_attachment":"","ocean_post_title_bg_image_repeat":"","ocean_post_title_bg_image_size":"","ocean_post_title_height":0,"ocean_post_title_bg_overlay":0.5,"ocean_post_title_bg_overlay_color":"","ocean_disable_breadcrumbs":"default","ocean_breadcrumbs_color":"","ocean_breadcrumbs_separator_color":"","ocean_breadcrumbs_links_color":"","ocean_breadcrumbs_links_hover_color":"","ocean_display_footer_widgets":"default","ocean_display_footer_bottom":"default","ocean_custom_footer_template":"","footnotes":""},"class_list":["post-4374","page","type-page","status-publish","hentry","entry"],"_links":{"self":[{"href":"https:\/\/gamink.fr\/boutique\/wp-json\/wp\/v2\/pages\/4374","targetHints":{"allow":["GET"]}}],"collection":[{"href":"https:\/\/gamink.fr\/boutique\/wp-json\/wp\/v2\/pages"}],"about":[{"href":"https:\/\/gamink.fr\/boutique\/wp-json\/wp\/v2\/types\/page"}],"author":[{"embeddable":true,"href":"https:\/\/gamink.fr\/boutique\/wp-json\/wp\/v2\/users\/1"}],"replies":[{"embeddable":true,"href":"https:\/\/gamink.fr\/boutique\/wp-json\/wp\/v2\/comments?post=4374"}],"version-history":[{"count":24,"href":"https:\/\/gamink.fr\/boutique\/wp-json\/wp\/v2\/pages\/4374\/revisions"}],"predecessor-version":[{"id":4437,"href":"https:\/\/gamink.fr\/boutique\/wp-json\/wp\/v2\/pages\/4374\/revisions\/4437"}],"wp:attachment":[{"href":"https:\/\/gamink.fr\/boutique\/wp-json\/wp\/v2\/media?parent=4374"}],"curies":[{"name":"wp","href":"https:\/\/api.w.org\/{rel}","templated":true}]}}